{"id":1771,"date":"2017-02-15T17:38:08","date_gmt":"2017-02-15T17:38:08","guid":{"rendered":"http:\/\/erdbau-wucherer.at\/?page_id=1771"},"modified":"2017-09-05T18:44:03","modified_gmt":"2017-09-05T18:44:03","slug":"planierungen-verdichtungen","status":"publish","type":"page","link":"http:\/\/erdbau-wucherer.at\/?page_id=1771","title":{"rendered":"Planierungen &#038; Verdichtungen"},"content":{"rendered":"<p>[vc_row full_width=&#8220;stretch_row&#8220; css=&#8220;.vc_custom_1431594758196{margin-bottom: 0px !important;}&#8220; gmbt_prlx_bg_type=&#8220;parallax&#8220; gmbt_prlx_break_parents=&#8220;0&#8243; gmbt_prlx_smooth_scrolling=&#8220;&#8220; gmbt_prlx_video_mute=&#8220;&#8220; gmbt_prlx_video_force_hd=&#8220;&#8220; gmbt_prlx_opacity=&#8220;100&#8243; gmbt_prlx_video_aspect_ratio=&#8220;16:9&#8243; gmbt_prlx_parallax=&#8220;none&#8220; gmbt_prlx_speed=&#8220;0.3&#8243; gmbt_prlx_enable_mobile=&#8220;&#8220; parallax_speed=&#8220;0.3&#8243; el_class=&#8220;construction_slider&#8220;][vc_column offset=&#8220;vc_hidden-xs&#8220;][layerslider_vc id=&#8220;7&#8243;][vc_custom_heading text=&#8220;Planierungen und Verdichtungen&#8220; font_container=&#8220;tag:h1|text_align:left&#8220; css_animation=&#8220;fadeInDown&#8220;][vc_empty_space][\/vc_column][\/vc_row][vc_row][vc_column][vc_column_text css_animation=&#8220;fadeIn&#8220;]<span style=\"font-size: 18pt;\">F\u00fcr den l\u00e4ngerfristigen Erfolg vieler Bauvorhaben, stellen die Verdichtung und Planierung von Untergr\u00fcnden einen wesentlichen Arbeitsschritt dar.<\/span>[\/vc_column_text][\/vc_column][\/vc_row][vc_row parallax_speed=&#8220;0.3&#8243; css=&#8220;.vc_custom_1434363062837{margin-bottom: -20px !important;}&#8220; el_class=&#8220;overflow_hidden&#8220;][vc_column][stm_animation_block animation=&#8220;fadeInUp&#8220; animation_duration=&#8220;1&#8243; animation_delay=&#8220;0&#8243;][\/stm_animation_block][\/vc_column][\/vc_row][vc_row][vc_column][vc_separator][vc_gallery images=&#8220;1855,1854,1853,1852,1856&#8243; css_animation=&#8220;fadeInLeft&#8220;][\/vc_column][\/vc_row]<\/p>\n","protected":false},"excerpt":{"rendered":"<p>[vc_row full_width=&#8220;stretch_row&#8220; css=&#8220;.vc_custom_1431594758196{margin-bottom: 0px !important;}&#8220; gmbt_prlx_bg_type=&#8220;parallax&#8220; gmbt_prlx_break_parents=&#8220;0&#8243; gmbt_prlx_smooth_scrolling=&#8220;&#8220; gmbt_prlx_video_mute=&#8220;&#8220; gmbt_prlx_video_force_hd=&#8220;&#8220; gmbt_prlx_opacity=&#8220;100&#8243; gmbt_prlx_video_aspect_ratio=&#8220;16:9&#8243; gmbt_prlx_parallax=&#8220;none&#8220; gmbt_prlx_speed=&#8220;0.3&#8243; gmbt_prlx_enable_mobile=&#8220;&#8220; parallax_speed=&#8220;0.3&#8243; el_class=&#8220;construction_slider&#8220;][vc_column offset=&#8220;vc_hidden-xs&#8220;][layerslider_vc id=&#8220;7&#8243;][vc_custom_heading text=&#8220;Planierungen und Verdichtungen&#8220; font_container=&#8220;tag:h1|text_align:left&#8220; css_animation=&#8220;fadeInDown&#8220;][vc_empty_space][\/vc_column][\/vc_row][vc_row][vc_column][vc_column_text css_animation=&#8220;fadeIn&#8220;]F\u00fcr den l\u00e4ngerfristigen Erfolg vieler Bauvorhaben, stellen die Verdichtung und Planierung von Untergr\u00fcnden einen wesentlichen Arbeitsschritt dar.[\/vc_column_text][\/vc_column][\/vc_row][vc_row parallax_speed=&#8220;0.3&#8243; css=&#8220;.vc_custom_1434363062837{margin-bottom: -20px !important;}&#8220; el_class=&#8220;overflow_hidden&#8220;][vc_column][stm_animation_block animation=&#8220;fadeInUp&#8220; animation_duration=&#8220;1&#8243; animation_delay=&#8220;0&#8243;][\/stm_animation_block][\/vc_column][\/vc_row][vc_row][vc_column][vc_separator][vc_gallery images=&#8220;1855,1854,1853,1852,1856&#8243; css_animation=&#8220;fadeInLeft&#8220;][\/vc_column][\/vc_row]<\/p>\n","protected":false},"author":1,"featured_media":0,"parent":0,"menu_order":0,"comment_status":"closed","ping_status":"closed","template":"","meta":[],"_links":{"self":[{"href":"http:\/\/erdbau-wucherer.at\/index.php?rest_route=\/wp\/v2\/pages\/1771"}],"collection":[{"href":"http:\/\/erdbau-wucherer.at\/index.php?rest_route=\/wp\/v2\/pages"}],"about":[{"href":"http:\/\/erdbau-wucherer.at\/index.php?rest_route=\/wp\/v2\/types\/page"}],"author":[{"embeddable":true,"href":"http:\/\/erdbau-wucherer.at\/index.php?rest_route=\/wp\/v2\/users\/1"}],"replies":[{"embeddable":true,"href":"http:\/\/erdbau-wucherer.at\/index.php?rest_route=%2Fwp%2Fv2%2Fcomments&post=1771"}],"version-history":[{"count":5,"href":"http:\/\/erdbau-wucherer.at\/index.php?rest_route=\/wp\/v2\/pages\/1771\/revisions"}],"predecessor-version":[{"id":2110,"href":"http:\/\/erdbau-wucherer.at\/index.php?rest_route=\/wp\/v2\/pages\/1771\/revisions\/2110"}],"wp:attachment":[{"href":"http:\/\/erdbau-wucherer.at\/index.php?rest_route=%2Fwp%2Fv2%2Fmedia&parent=1771"}],"curies":[{"name":"wp","href":"https:\/\/api.w.org\/{rel}","templated":true}]}}