{"id":1717,"date":"2015-03-20T10:13:39","date_gmt":"2015-03-20T10:13:39","guid":{"rendered":"http:\/\/bestbuild.stylemixthemes.com\/demo\/?page_id=2"},"modified":"2017-07-16T17:49:29","modified_gmt":"2017-07-16T17:49:29","slug":"sample-page-2","status":"publish","type":"page","link":"https:\/\/erdbau-wucherer.at\/","title":{"rendered":"Start"},"content":{"rendered":"<p>[vc_row full_width=&#8220;stretch_row&#8220; css=&#8220;.vc_custom_1431594758196{margin-bottom: 0px !important;}&#8220; gmbt_prlx_bg_type=&#8220;parallax&#8220; gmbt_prlx_break_parents=&#8220;0&#8243; gmbt_prlx_smooth_scrolling=&#8220;&#8220; gmbt_prlx_video_mute=&#8220;&#8220; gmbt_prlx_video_force_hd=&#8220;&#8220; gmbt_prlx_opacity=&#8220;100&#8243; gmbt_prlx_video_aspect_ratio=&#8220;16:9&#8243; gmbt_prlx_parallax=&#8220;none&#8220; gmbt_prlx_speed=&#8220;0.3&#8243; gmbt_prlx_enable_mobile=&#8220;&#8220; parallax_speed=&#8220;0.3&#8243; el_class=&#8220;construction_slider&#8220;][vc_column offset=&#8220;vc_hidden-xs&#8220;][layerslider_vc id=&#8220;1&#8243;][\/vc_column][\/vc_row][vc_row parallax_speed=&#8220;0.3&#8243; css=&#8220;.vc_custom_1434363062837{margin-bottom: -20px !important;}&#8220; el_class=&#8220;overflow_hidden&#8220;][vc_column][stm_animation_block animation=&#8220;fadeInUp&#8220; animation_duration=&#8220;1&#8243; animation_delay=&#8220;0&#8243;][\/stm_animation_block][\/vc_column][\/vc_row][vc_row][vc_column][vc_empty_space][\/vc_column][\/vc_row][vc_row css=&#8220;.vc_custom_1430826331253{margin-bottom: 22px !important;}&#8220;][vc_column width=&#8220;1\/4&#8243; css=&#8220;.vc_custom_1430826296347{margin-bottom: 30px !important;}&#8220;][stm_animation_block animation=&#8220;fadeInUp&#8220; animation_duration=&#8220;1&#8243; animation_delay=&#8220;0&#8243;][stm_info_box icon=&#8220;fa fa-sun-o&#8220; title=&#8220;Eigener Pool ? (Von der Planung bis zur Umsetzung)&#8220; image=&#8220;1929&#8243; link=&#8220;url:http%3A%2F%2Ferdbau-wucherer.at%2F%3Fpage_id%3D1754|title:Lesen%20sie%20mehr||&#8220;]Die Anschaffung eines Pools ist eine langfristige Entscheidung, die man am Besten unter Beratung von erfahrenen Fachleuten trifft. Wir betreuen unsere Kunden\u00a0in der Planung bis zur Umsetzung und sorgen daf\u00fcr,\u00a0dass die Investition eine Aufwertung der Immobilie wird.[\/stm_info_box][\/stm_animation_block][\/vc_column][vc_column width=&#8220;1\/4&#8243;][stm_animation_block animation=&#8220;fadeInUp&#8220; animation_duration=&#8220;1&#8243; animation_delay=&#8220;0&#8243;][stm_info_box icon=&#8220;fa fa-sun-o&#8220; title=&#8220;Verkauf von Whirlpools und Zubeh\u00f6r !&#8220; image=&#8220;1922&#8243; link=&#8220;url:http%3A%2F%2Ferdbau-wucherer.at%2F%3Fpage_id%3D1764|title:Lesen%20sie%20mehr||&#8220;]Wollen sie nach einem anstrengenden Arbeitstag ihre Freizeit entspannt\u00a0genie\u00dfen und sinnvoll\u00a0zur Erholung verwenden.\u00a0Neben den gesundheitlichen Vorteilen k\u00f6nnen sie die Sorgen des Alltags beim Einstieg in ihren Wellis Whirlpool zur\u00fccklassen.[\/stm_info_box][\/stm_animation_block][\/vc_column][vc_column width=&#8220;1\/4&#8243; css=&#8220;.vc_custom_1430826301380{margin-bottom: 30px !important;}&#8220;][stm_animation_block animation=&#8220;fadeInUp&#8220; animation_duration=&#8220;1&#8243; animation_delay=&#8220;0.05&#8243; opacity_start_effect=&#8220;90&#8243;][stm_info_box icon=&#8220;fa fa-tree&#8220; title=&#8220;Gartengestaltung &#8220; image=&#8220;1875&#8243; link=&#8220;url:http%3A%2F%2Ferdbau-wucherer.at%2F%3Fpage_id%3D1758|title:Zur%20Gartengestaltung|target:%20_blank|&#8220;]Wenn sie zu den gl\u00fccklichen Immobilienbesitzern, die \u00fcber einen eigenen Garten verf\u00fcgen, geh\u00f6ren, dann sollten sie die Chance zur individuellen Gestaltung nutzen. Gerne beraten wir sie\u00a0und helfen ihnen bei der \u00a0Planung und Anlage ihrer Gr\u00fcnfl\u00e4che.[\/stm_info_box][\/stm_animation_block][\/vc_column][vc_column width=&#8220;1\/4&#8243; css=&#8220;.vc_custom_1430826306257{margin-bottom: 30px !important;}&#8220;][stm_animation_block animation=&#8220;fadeInUp&#8220; animation_duration=&#8220;1&#8243; animation_delay=&#8220;0.1&#8243;][stm_info_box icon=&#8220;fa fa-adjust&#8220; title=&#8220;Warum sollten sie sich f\u00fcr uns entscheiden ?&#8220; image=&#8220;1876&#8243; link=&#8220;||&#8220;]F\u00fcr uns ist jedes Projekt einzigartig und die L\u00f6sung\u00a0speziell auf die Bed\u00fcrfnisse des zuk\u00fcnftigen Besitzers zugeschnitten. Unsere jahrelange Erfahrung in Planung und Umsetzung erm\u00f6glicht es uns Kunden langfristig zu binden. Besonders wichtig sind f\u00fcr uns:<\/p>\n<ul>\n<li>Unsere Kunden mit nachhaltigen L\u00f6sungen auszustatten<\/li>\n<li>Selbst immer besser zu werden<\/li>\n<li>Ehrlichkeit und Verl\u00e4sslichkeit<\/li>\n<\/ul>\n<p>[\/stm_info_box][\/stm_animation_block][\/vc_column][\/vc_row][vc_row css=&#8220;.vc_custom_1430826331253{margin-bottom: 22px !important;}&#8220;][vc_column width=&#8220;1\/3&#8243; css=&#8220;.vc_custom_1430826296347{margin-bottom: 30px !important;}&#8220;][\/vc_column][\/vc_row]<\/p>\n","protected":false},"excerpt":{"rendered":"<p>[vc_row full_width=&#8220;stretch_row&#8220; css=&#8220;.vc_custom_1431594758196{margin-bottom: 0px !important;}&#8220; gmbt_prlx_bg_type=&#8220;parallax&#8220; gmbt_prlx_break_parents=&#8220;0&#8243; gmbt_prlx_smooth_scrolling=&#8220;&#8220; gmbt_prlx_video_mute=&#8220;&#8220; gmbt_prlx_video_force_hd=&#8220;&#8220; gmbt_prlx_opacity=&#8220;100&#8243; gmbt_prlx_video_aspect_ratio=&#8220;16:9&#8243; gmbt_prlx_parallax=&#8220;none&#8220; gmbt_prlx_speed=&#8220;0.3&#8243; gmbt_prlx_enable_mobile=&#8220;&#8220; parallax_speed=&#8220;0.3&#8243; el_class=&#8220;construction_slider&#8220;][vc_column offset=&#8220;vc_hidden-xs&#8220;][layerslider_vc id=&#8220;1&#8243;][\/vc_column][\/vc_row][vc_row parallax_speed=&#8220;0.3&#8243; css=&#8220;.vc_custom_1434363062837{margin-bottom: -20px !important;}&#8220; el_class=&#8220;overflow_hidden&#8220;][vc_column][stm_animation_block animation=&#8220;fadeInUp&#8220; animation_duration=&#8220;1&#8243; animation_delay=&#8220;0&#8243;][\/stm_animation_block][\/vc_column][\/vc_row][vc_row][vc_column][vc_empty_space][\/vc_column][\/vc_row][vc_row css=&#8220;.vc_custom_1430826331253{margin-bottom: 22px !important;}&#8220;][vc_column width=&#8220;1\/4&#8243; css=&#8220;.vc_custom_1430826296347{margin-bottom: 30px !important;}&#8220;][stm_animation_block animation=&#8220;fadeInUp&#8220; animation_duration=&#8220;1&#8243; animation_delay=&#8220;0&#8243;][stm_info_box icon=&#8220;fa fa-sun-o&#8220; title=&#8220;Eigener Pool ? (Von der Planung bis zur Umsetzung)&#8220; image=&#8220;1929&#8243; link=&#8220;url:http%3A%2F%2Ferdbau-wucherer.at%2F%3Fpage_id%3D1754|title:Lesen%20sie%20mehr||&#8220;]Die Anschaffung eines Pools ist eine<\/p>\n","protected":false},"author":1,"featured_media":0,"parent":0,"menu_order":0,"comment_status":"closed","ping_status":"closed","template":"","meta":[],"_links":{"self":[{"href":"https:\/\/erdbau-wucherer.at\/index.php?rest_route=\/wp\/v2\/pages\/1717"}],"collection":[{"href":"https:\/\/erdbau-wucherer.at\/index.php?rest_route=\/wp\/v2\/pages"}],"about":[{"href":"https:\/\/erdbau-wucherer.at\/index.php?rest_route=\/wp\/v2\/types\/page"}],"author":[{"embeddable":true,"href":"https:\/\/erdbau-wucherer.at\/index.php?rest_route=\/wp\/v2\/users\/1"}],"replies":[{"embeddable":true,"href":"https:\/\/erdbau-wucherer.at\/index.php?rest_route=%2Fwp%2Fv2%2Fcomments&post=1717"}],"version-history":[{"count":20,"href":"https:\/\/erdbau-wucherer.at\/index.php?rest_route=\/wp\/v2\/pages\/1717\/revisions"}],"predecessor-version":[{"id":2073,"href":"https:\/\/erdbau-wucherer.at\/index.php?rest_route=\/wp\/v2\/pages\/1717\/revisions\/2073"}],"wp:attachment":[{"href":"https:\/\/erdbau-wucherer.at\/index.php?rest_route=%2Fwp%2Fv2%2Fmedia&parent=1717"}],"curies":[{"name":"wp","href":"https:\/\/api.w.org\/{rel}","templated":true}]}}